{"id":4738,"date":"2020-11-13T15:23:34","date_gmt":"2020-11-13T14:23:34","guid":{"rendered":"https:\/\/acnis-titanium.com\/?page_id=4738"},"modified":"2024-05-13T16:33:37","modified_gmt":"2024-05-13T14:33:37","slug":"dienstleistungen","status":"publish","type":"page","link":"https:\/\/acnis-titanium.com\/de\/dienstleistungen\/","title":{"rendered":"Dienstleistungen"},"content":{"rendered":"<p>Unser in Frankreich einzigartiger <strong class=\"d2b\">Schneidservice<\/strong> erm\u00f6glicht es uns, Ihre Produkte (<strong class=\"d2b\">Titan<\/strong>, rostfreie oder legierte <strong class=\"d2b\">St\u00e4hle<\/strong>, <strong class=\"d2b\">Kupfer<\/strong>, <strong class=\"d2b\">Aluminium<\/strong> usw.), Bleche, Platten (bis zu 800 mm), Schmiedeteile, Stangen, Kn\u00fcppel, usw. zu schneiden. einzeln oder in Reihe von einfachen oder komplexen Formen innerhalb sehr kurzer Fristen.<\/p>\n<p>Da sich alle Ger\u00e4te am selben Standort befinden, k\u00f6nnen wir dank des Vorhandenseins aller Arten von Schneidemaschinen St\u00fcck f\u00fcr St\u00fcck die bestm\u00f6gliche Verschachtelung untersuchen, um Ihre Ausschussschrott zu senken und somit Geld zu sparen&#8230;<\/p>\n","protected":false},"excerpt":{"rendered":"<p>Unser in Frankreich einzigartiger Schneidservice erm\u00f6glicht es uns, Ihre Produkte (Titan, rostfreie oder legierte St\u00e4hle, Kupfer, Aluminium usw.), Bleche, Platten (bis zu 800 mm), Schmiedeteile, Stangen, Kn\u00fcppel, usw. zu schneiden. einzeln oder in Reihe von einfachen oder komplexen Formen innerhalb sehr kurzer Fristen. Da sich alle Ger\u00e4te am selben Standort befinden, k\u00f6nnen wir dank des [&hellip;]<\/p>\n","protected":false},"author":16,"featured_media":0,"parent":0,"menu_order":64,"comment_status":"closed","ping_status":"closed","template":"page-amelioree.php","meta":{"_acf_changed":false,"footnotes":""},"class_list":["post-4738","page","type-page","status-publish","hentry"],"acf":[],"yoast_head":"<!-- This site is optimized with the Yoast SEO plugin v27.3 - https:\/\/yoast.com\/product\/yoast-seo-wordpress\/ -->\n<title>Zuschnitt von Teilen aus Titan, Edelstahl, Metallzuschnittservice<\/title>\n<meta name=\"description\" content=\"Acnis optimiert Ihre Kosten dank seines Maschinenparks f\u00fcr den Zuschnitt (Wasserstrahlschneiden, Stangens\u00e4gen, Plattens\u00e4gen, Scheren, Laserschneiden...). Kontaktieren Sie uns f\u00fcr einen Kostenvoranschlag.\" \/>\n<meta name=\"robots\" content=\"index, follow, max-snippet:-1, max-image-preview:large, max-video-preview:-1\" \/>\n<link rel=\"canonical\" href=\"https:\/\/acnis-titanium.com\/de\/dienstleistungen\/\" \/>\n<meta property=\"og:locale\" content=\"de_DE\" \/>\n<meta property=\"og:type\" content=\"article\" \/>\n<meta property=\"og:title\" content=\"Zuschnitt von Teilen aus Titan, Edelstahl, Metallzuschnittservice\" \/>\n<meta property=\"og:description\" content=\"Acnis optimiert Ihre Kosten dank seines Maschinenparks f\u00fcr den Zuschnitt (Wasserstrahlschneiden, Stangens\u00e4gen, Plattens\u00e4gen, Scheren, Laserschneiden...). Kontaktieren Sie uns f\u00fcr einen Kostenvoranschlag.\" \/>\n<meta property=\"og:url\" content=\"https:\/\/acnis-titanium.com\/de\/dienstleistungen\/\" \/>\n<meta property=\"og:site_name\" content=\"ACNIS International\" \/>\n<meta property=\"article:modified_time\" content=\"2024-05-13T14:33:37+00:00\" \/>\n<meta name=\"twitter:card\" content=\"summary_large_image\" \/>\n<script type=\"application\/ld+json\" class=\"yoast-schema-graph\">{\"@context\":\"https:\\\/\\\/schema.org\",\"@graph\":[{\"@type\":\"WebPage\",\"@id\":\"https:\\\/\\\/acnis-titanium.com\\\/de\\\/dienstleistungen\\\/\",\"url\":\"https:\\\/\\\/acnis-titanium.com\\\/de\\\/dienstleistungen\\\/\",\"name\":\"Zuschnitt von Teilen aus Titan, Edelstahl, Metallzuschnittservice\",\"isPartOf\":{\"@id\":\"https:\\\/\\\/acnis-titanium.com\\\/#website\"},\"datePublished\":\"2020-11-13T14:23:34+00:00\",\"dateModified\":\"2024-05-13T14:33:37+00:00\",\"description\":\"Acnis optimiert Ihre Kosten dank seines Maschinenparks f\u00fcr den Zuschnitt (Wasserstrahlschneiden, Stangens\u00e4gen, Plattens\u00e4gen, Scheren, Laserschneiden...). Kontaktieren Sie uns f\u00fcr einen Kostenvoranschlag.\",\"breadcrumb\":{\"@id\":\"https:\\\/\\\/acnis-titanium.com\\\/de\\\/dienstleistungen\\\/#breadcrumb\"},\"inLanguage\":\"de-DE\",\"potentialAction\":[{\"@type\":\"ReadAction\",\"target\":[\"https:\\\/\\\/acnis-titanium.com\\\/de\\\/dienstleistungen\\\/\"]}]},{\"@type\":\"BreadcrumbList\",\"@id\":\"https:\\\/\\\/acnis-titanium.com\\\/de\\\/dienstleistungen\\\/#breadcrumb\",\"itemListElement\":[{\"@type\":\"ListItem\",\"position\":1,\"name\":\"Accueil\",\"item\":\"https:\\\/\\\/acnis-titanium.com\\\/de\\\/\"},{\"@type\":\"ListItem\",\"position\":2,\"name\":\"Dienstleistungen\"}]},{\"@type\":\"WebSite\",\"@id\":\"https:\\\/\\\/acnis-titanium.com\\\/#website\",\"url\":\"https:\\\/\\\/acnis-titanium.com\\\/\",\"name\":\"ACNIS International\",\"description\":\"Leader mondial dans la distribution et le stockage de titane\",\"potentialAction\":[{\"@type\":\"SearchAction\",\"target\":{\"@type\":\"EntryPoint\",\"urlTemplate\":\"https:\\\/\\\/acnis-titanium.com\\\/?s={search_term_string}\"},\"query-input\":{\"@type\":\"PropertyValueSpecification\",\"valueRequired\":true,\"valueName\":\"search_term_string\"}}],\"inLanguage\":\"de-DE\"}]}<\/script>\n<!-- \/ Yoast SEO plugin. -->","yoast_head_json":{"title":"Zuschnitt von Teilen aus Titan, Edelstahl, Metallzuschnittservice","description":"Acnis optimiert Ihre Kosten dank seines Maschinenparks f\u00fcr den Zuschnitt (Wasserstrahlschneiden, Stangens\u00e4gen, Plattens\u00e4gen, Scheren, Laserschneiden...). Kontaktieren Sie uns f\u00fcr einen Kostenvoranschlag.","robots":{"index":"index","follow":"follow","max-snippet":"max-snippet:-1","max-image-preview":"max-image-preview:large","max-video-preview":"max-video-preview:-1"},"canonical":"https:\/\/acnis-titanium.com\/de\/dienstleistungen\/","og_locale":"de_DE","og_type":"article","og_title":"Zuschnitt von Teilen aus Titan, Edelstahl, Metallzuschnittservice","og_description":"Acnis optimiert Ihre Kosten dank seines Maschinenparks f\u00fcr den Zuschnitt (Wasserstrahlschneiden, Stangens\u00e4gen, Plattens\u00e4gen, Scheren, Laserschneiden...). Kontaktieren Sie uns f\u00fcr einen Kostenvoranschlag.","og_url":"https:\/\/acnis-titanium.com\/de\/dienstleistungen\/","og_site_name":"ACNIS International","article_modified_time":"2024-05-13T14:33:37+00:00","twitter_card":"summary_large_image","schema":{"@context":"https:\/\/schema.org","@graph":[{"@type":"WebPage","@id":"https:\/\/acnis-titanium.com\/de\/dienstleistungen\/","url":"https:\/\/acnis-titanium.com\/de\/dienstleistungen\/","name":"Zuschnitt von Teilen aus Titan, Edelstahl, Metallzuschnittservice","isPartOf":{"@id":"https:\/\/acnis-titanium.com\/#website"},"datePublished":"2020-11-13T14:23:34+00:00","dateModified":"2024-05-13T14:33:37+00:00","description":"Acnis optimiert Ihre Kosten dank seines Maschinenparks f\u00fcr den Zuschnitt (Wasserstrahlschneiden, Stangens\u00e4gen, Plattens\u00e4gen, Scheren, Laserschneiden...). Kontaktieren Sie uns f\u00fcr einen Kostenvoranschlag.","breadcrumb":{"@id":"https:\/\/acnis-titanium.com\/de\/dienstleistungen\/#breadcrumb"},"inLanguage":"de-DE","potentialAction":[{"@type":"ReadAction","target":["https:\/\/acnis-titanium.com\/de\/dienstleistungen\/"]}]},{"@type":"BreadcrumbList","@id":"https:\/\/acnis-titanium.com\/de\/dienstleistungen\/#breadcrumb","itemListElement":[{"@type":"ListItem","position":1,"name":"Accueil","item":"https:\/\/acnis-titanium.com\/de\/"},{"@type":"ListItem","position":2,"name":"Dienstleistungen"}]},{"@type":"WebSite","@id":"https:\/\/acnis-titanium.com\/#website","url":"https:\/\/acnis-titanium.com\/","name":"ACNIS International","description":"Leader mondial dans la distribution et le stockage de titane","potentialAction":[{"@type":"SearchAction","target":{"@type":"EntryPoint","urlTemplate":"https:\/\/acnis-titanium.com\/?s={search_term_string}"},"query-input":{"@type":"PropertyValueSpecification","valueRequired":true,"valueName":"search_term_string"}}],"inLanguage":"de-DE"}]}},"_links":{"self":[{"href":"https:\/\/acnis-titanium.com\/de\/wp-json\/wp\/v2\/pages\/4738","targetHints":{"allow":["GET"]}}],"collection":[{"href":"https:\/\/acnis-titanium.com\/de\/wp-json\/wp\/v2\/pages"}],"about":[{"href":"https:\/\/acnis-titanium.com\/de\/wp-json\/wp\/v2\/types\/page"}],"author":[{"embeddable":true,"href":"https:\/\/acnis-titanium.com\/de\/wp-json\/wp\/v2\/users\/16"}],"replies":[{"embeddable":true,"href":"https:\/\/acnis-titanium.com\/de\/wp-json\/wp\/v2\/comments?post=4738"}],"version-history":[{"count":6,"href":"https:\/\/acnis-titanium.com\/de\/wp-json\/wp\/v2\/pages\/4738\/revisions"}],"predecessor-version":[{"id":7508,"href":"https:\/\/acnis-titanium.com\/de\/wp-json\/wp\/v2\/pages\/4738\/revisions\/7508"}],"wp:attachment":[{"href":"https:\/\/acnis-titanium.com\/de\/wp-json\/wp\/v2\/media?parent=4738"}],"curies":[{"name":"wp","href":"https:\/\/api.w.org\/{rel}","templated":true}]}}