{"id":4557,"date":"2020-11-13T14:51:37","date_gmt":"2020-11-13T13:51:37","guid":{"rendered":"https:\/\/acnis-titanium.com\/?page_id=4557"},"modified":"2024-10-29T17:59:21","modified_gmt":"2024-10-29T16:59:21","slug":"wer-sind-wir","status":"publish","type":"page","link":"https:\/\/acnis-titanium.com\/de\/wer-sind-wir\/","title":{"rendered":"Wer sind wir?"},"content":{"rendered":"","protected":false},"excerpt":{"rendered":"","protected":false},"author":16,"featured_media":0,"parent":0,"menu_order":53,"comment_status":"closed","ping_status":"closed","template":"page-amelioree.php","meta":{"_acf_changed":false,"footnotes":""},"class_list":["post-4557","page","type-page","status-publish","hentry"],"acf":[],"yoast_head":"<!-- This site is optimized with the Yoast SEO plugin v27.3 - https:\/\/yoast.com\/product\/yoast-seo-wordpress\/ -->\n<title>ACNIS, Weltweiter Distributor von Titan, Edelstahl, Polymer f\u00fcr die Industrie<\/title>\n<meta name=\"description\" content=\"ACNIS ist ein weltweiter H\u00e4ndler von Titan, Edelstahl, Polymeren, ... f\u00fcr die Industrie, den medizinischen Sektor und die Luftfahrt. Kontaktieren Sie uns f\u00fcr alle Fragen.\" \/>\n<meta name=\"robots\" content=\"index, follow, max-snippet:-1, max-image-preview:large, max-video-preview:-1\" \/>\n<link rel=\"canonical\" href=\"https:\/\/acnis-titanium.com\/de\/wer-sind-wir\/\" \/>\n<meta property=\"og:locale\" content=\"de_DE\" \/>\n<meta property=\"og:type\" content=\"article\" \/>\n<meta property=\"og:title\" content=\"ACNIS, Weltweiter Distributor von Titan, Edelstahl, Polymer f\u00fcr die Industrie\" \/>\n<meta property=\"og:description\" content=\"ACNIS ist ein weltweiter H\u00e4ndler von Titan, Edelstahl, Polymeren, ... f\u00fcr die Industrie, den medizinischen Sektor und die Luftfahrt. Kontaktieren Sie uns f\u00fcr alle Fragen.\" \/>\n<meta property=\"og:url\" content=\"https:\/\/acnis-titanium.com\/de\/wer-sind-wir\/\" \/>\n<meta property=\"og:site_name\" content=\"ACNIS International\" \/>\n<meta property=\"article:modified_time\" content=\"2024-10-29T16:59:21+00:00\" \/>\n<meta name=\"twitter:card\" content=\"summary_large_image\" \/>\n<script type=\"application\/ld+json\" class=\"yoast-schema-graph\">{\"@context\":\"https:\\\/\\\/schema.org\",\"@graph\":[{\"@type\":\"WebPage\",\"@id\":\"https:\\\/\\\/acnis-titanium.com\\\/de\\\/wer-sind-wir\\\/\",\"url\":\"https:\\\/\\\/acnis-titanium.com\\\/de\\\/wer-sind-wir\\\/\",\"name\":\"ACNIS, Weltweiter Distributor von Titan, Edelstahl, Polymer f\u00fcr die Industrie\",\"isPartOf\":{\"@id\":\"https:\\\/\\\/acnis-titanium.com\\\/#website\"},\"datePublished\":\"2020-11-13T13:51:37+00:00\",\"dateModified\":\"2024-10-29T16:59:21+00:00\",\"description\":\"ACNIS ist ein weltweiter H\u00e4ndler von Titan, Edelstahl, Polymeren, ... f\u00fcr die Industrie, den medizinischen Sektor und die Luftfahrt. Kontaktieren Sie uns f\u00fcr alle Fragen.\",\"breadcrumb\":{\"@id\":\"https:\\\/\\\/acnis-titanium.com\\\/de\\\/wer-sind-wir\\\/#breadcrumb\"},\"inLanguage\":\"de-DE\",\"potentialAction\":[{\"@type\":\"ReadAction\",\"target\":[\"https:\\\/\\\/acnis-titanium.com\\\/de\\\/wer-sind-wir\\\/\"]}]},{\"@type\":\"BreadcrumbList\",\"@id\":\"https:\\\/\\\/acnis-titanium.com\\\/de\\\/wer-sind-wir\\\/#breadcrumb\",\"itemListElement\":[{\"@type\":\"ListItem\",\"position\":1,\"name\":\"Accueil\",\"item\":\"https:\\\/\\\/acnis-titanium.com\\\/de\\\/\"},{\"@type\":\"ListItem\",\"position\":2,\"name\":\"Wer sind wir?\"}]},{\"@type\":\"WebSite\",\"@id\":\"https:\\\/\\\/acnis-titanium.com\\\/#website\",\"url\":\"https:\\\/\\\/acnis-titanium.com\\\/\",\"name\":\"ACNIS International\",\"description\":\"Leader mondial dans la distribution et le stockage de titane\",\"potentialAction\":[{\"@type\":\"SearchAction\",\"target\":{\"@type\":\"EntryPoint\",\"urlTemplate\":\"https:\\\/\\\/acnis-titanium.com\\\/?s={search_term_string}\"},\"query-input\":{\"@type\":\"PropertyValueSpecification\",\"valueRequired\":true,\"valueName\":\"search_term_string\"}}],\"inLanguage\":\"de-DE\"}]}<\/script>\n<!-- \/ Yoast SEO plugin. -->","yoast_head_json":{"title":"ACNIS, Weltweiter Distributor von Titan, Edelstahl, Polymer f\u00fcr die Industrie","description":"ACNIS ist ein weltweiter H\u00e4ndler von Titan, Edelstahl, Polymeren, ... f\u00fcr die Industrie, den medizinischen Sektor und die Luftfahrt. Kontaktieren Sie uns f\u00fcr alle Fragen.","robots":{"index":"index","follow":"follow","max-snippet":"max-snippet:-1","max-image-preview":"max-image-preview:large","max-video-preview":"max-video-preview:-1"},"canonical":"https:\/\/acnis-titanium.com\/de\/wer-sind-wir\/","og_locale":"de_DE","og_type":"article","og_title":"ACNIS, Weltweiter Distributor von Titan, Edelstahl, Polymer f\u00fcr die Industrie","og_description":"ACNIS ist ein weltweiter H\u00e4ndler von Titan, Edelstahl, Polymeren, ... f\u00fcr die Industrie, den medizinischen Sektor und die Luftfahrt. Kontaktieren Sie uns f\u00fcr alle Fragen.","og_url":"https:\/\/acnis-titanium.com\/de\/wer-sind-wir\/","og_site_name":"ACNIS International","article_modified_time":"2024-10-29T16:59:21+00:00","twitter_card":"summary_large_image","schema":{"@context":"https:\/\/schema.org","@graph":[{"@type":"WebPage","@id":"https:\/\/acnis-titanium.com\/de\/wer-sind-wir\/","url":"https:\/\/acnis-titanium.com\/de\/wer-sind-wir\/","name":"ACNIS, Weltweiter Distributor von Titan, Edelstahl, Polymer f\u00fcr die Industrie","isPartOf":{"@id":"https:\/\/acnis-titanium.com\/#website"},"datePublished":"2020-11-13T13:51:37+00:00","dateModified":"2024-10-29T16:59:21+00:00","description":"ACNIS ist ein weltweiter H\u00e4ndler von Titan, Edelstahl, Polymeren, ... f\u00fcr die Industrie, den medizinischen Sektor und die Luftfahrt. Kontaktieren Sie uns f\u00fcr alle Fragen.","breadcrumb":{"@id":"https:\/\/acnis-titanium.com\/de\/wer-sind-wir\/#breadcrumb"},"inLanguage":"de-DE","potentialAction":[{"@type":"ReadAction","target":["https:\/\/acnis-titanium.com\/de\/wer-sind-wir\/"]}]},{"@type":"BreadcrumbList","@id":"https:\/\/acnis-titanium.com\/de\/wer-sind-wir\/#breadcrumb","itemListElement":[{"@type":"ListItem","position":1,"name":"Accueil","item":"https:\/\/acnis-titanium.com\/de\/"},{"@type":"ListItem","position":2,"name":"Wer sind wir?"}]},{"@type":"WebSite","@id":"https:\/\/acnis-titanium.com\/#website","url":"https:\/\/acnis-titanium.com\/","name":"ACNIS International","description":"Leader mondial dans la distribution et le stockage de titane","potentialAction":[{"@type":"SearchAction","target":{"@type":"EntryPoint","urlTemplate":"https:\/\/acnis-titanium.com\/?s={search_term_string}"},"query-input":{"@type":"PropertyValueSpecification","valueRequired":true,"valueName":"search_term_string"}}],"inLanguage":"de-DE"}]}},"_links":{"self":[{"href":"https:\/\/acnis-titanium.com\/de\/wp-json\/wp\/v2\/pages\/4557","targetHints":{"allow":["GET"]}}],"collection":[{"href":"https:\/\/acnis-titanium.com\/de\/wp-json\/wp\/v2\/pages"}],"about":[{"href":"https:\/\/acnis-titanium.com\/de\/wp-json\/wp\/v2\/types\/page"}],"author":[{"embeddable":true,"href":"https:\/\/acnis-titanium.com\/de\/wp-json\/wp\/v2\/users\/16"}],"replies":[{"embeddable":true,"href":"https:\/\/acnis-titanium.com\/de\/wp-json\/wp\/v2\/comments?post=4557"}],"version-history":[{"count":8,"href":"https:\/\/acnis-titanium.com\/de\/wp-json\/wp\/v2\/pages\/4557\/revisions"}],"predecessor-version":[{"id":7649,"href":"https:\/\/acnis-titanium.com\/de\/wp-json\/wp\/v2\/pages\/4557\/revisions\/7649"}],"wp:attachment":[{"href":"https:\/\/acnis-titanium.com\/de\/wp-json\/wp\/v2\/media?parent=4557"}],"curies":[{"name":"wp","href":"https:\/\/api.w.org\/{rel}","templated":true}]}}