{"id":4503,"date":"2020-11-12T16:15:39","date_gmt":"2020-11-12T15:15:39","guid":{"rendered":"https:\/\/acnis-titanium.com\/?page_id=4503"},"modified":"2024-05-13T17:10:48","modified_gmt":"2024-05-13T15:10:48","slug":"industrie","status":"publish","type":"page","link":"https:\/\/acnis-titanium.com\/de\/industrie\/","title":{"rendered":"Industrie"},"content":{"rendered":"<p>ACNIS International ist mit seiner breiten Produktpalette in zahlreichen Branchen vertreten: <strong class=\"d2b\">Off-Shore-Technik<\/strong>, <strong class=\"d2b\">Lebensmittelbranche<\/strong>, <strong class=\"d2b\">Chemie<\/strong>, <strong class=\"d2b\">Kernindustrie<\/strong>, <strong class=\"d2b\">Galvanotechnik<\/strong>, <strong class=\"d2b\">Papierindustrie<\/strong>, Rad- und Motorsport, u.a.<\/p>\n<p>Wir bieten ein breites Angebot an Normen auch f\u00fcr Ihre Anwendungsbereiche.<\/p>\n","protected":false},"excerpt":{"rendered":"<p>ACNIS International ist mit seiner breiten Produktpalette in zahlreichen Branchen vertreten: Off-Shore-Technik, Lebensmittelbranche, Chemie, Kernindustrie, Galvanotechnik, Papierindustrie, Rad- und Motorsport, u.a. Wir bieten ein breites Angebot an Normen auch f\u00fcr Ihre Anwendungsbereiche.<\/p>\n","protected":false},"author":16,"featured_media":0,"parent":0,"menu_order":38,"comment_status":"closed","ping_status":"closed","template":"page-amelioree.php","meta":{"_acf_changed":false,"footnotes":""},"class_list":["post-4503","page","type-page","status-publish","hentry"],"acf":[],"yoast_head":"<!-- This site is optimized with the Yoast SEO plugin v27.3 - https:\/\/yoast.com\/product\/yoast-seo-wordpress\/ -->\n<title>Lieferant Titanst\u00e4be Industrie, Titanplatten, Edelstahl f\u00fcr die Industrie<\/title>\n<meta name=\"description\" content=\"ACNIS ist ein Lieferant von Titanstangen f\u00fcr die Industrie, Platten, Pulver, ... Wir vertreiben verschiedene Metalle f\u00fcr Ihren industriellen Bedarf. Fragen Sie uns!\" \/>\n<meta name=\"robots\" content=\"index, follow, max-snippet:-1, max-image-preview:large, max-video-preview:-1\" \/>\n<link rel=\"canonical\" href=\"https:\/\/acnis-titanium.com\/de\/industrie\/\" \/>\n<meta property=\"og:locale\" content=\"de_DE\" \/>\n<meta property=\"og:type\" content=\"article\" \/>\n<meta property=\"og:title\" content=\"Lieferant Titanst\u00e4be Industrie, Titanplatten, Edelstahl f\u00fcr die Industrie\" \/>\n<meta property=\"og:description\" content=\"ACNIS ist ein Lieferant von Titanstangen f\u00fcr die Industrie, Platten, Pulver, ... Wir vertreiben verschiedene Metalle f\u00fcr Ihren industriellen Bedarf. Fragen Sie uns!\" \/>\n<meta property=\"og:url\" content=\"https:\/\/acnis-titanium.com\/de\/industrie\/\" \/>\n<meta property=\"og:site_name\" content=\"ACNIS International\" \/>\n<meta property=\"article:modified_time\" content=\"2024-05-13T15:10:48+00:00\" \/>\n<meta name=\"twitter:card\" content=\"summary_large_image\" \/>\n<script type=\"application\/ld+json\" class=\"yoast-schema-graph\">{\"@context\":\"https:\\\/\\\/schema.org\",\"@graph\":[{\"@type\":\"WebPage\",\"@id\":\"https:\\\/\\\/acnis-titanium.com\\\/de\\\/industrie\\\/\",\"url\":\"https:\\\/\\\/acnis-titanium.com\\\/de\\\/industrie\\\/\",\"name\":\"Lieferant Titanst\u00e4be Industrie, Titanplatten, Edelstahl f\u00fcr die Industrie\",\"isPartOf\":{\"@id\":\"https:\\\/\\\/acnis-titanium.com\\\/#website\"},\"datePublished\":\"2020-11-12T15:15:39+00:00\",\"dateModified\":\"2024-05-13T15:10:48+00:00\",\"description\":\"ACNIS ist ein Lieferant von Titanstangen f\u00fcr die Industrie, Platten, Pulver, ... Wir vertreiben verschiedene Metalle f\u00fcr Ihren industriellen Bedarf. Fragen Sie uns!\",\"breadcrumb\":{\"@id\":\"https:\\\/\\\/acnis-titanium.com\\\/de\\\/industrie\\\/#breadcrumb\"},\"inLanguage\":\"de-DE\",\"potentialAction\":[{\"@type\":\"ReadAction\",\"target\":[\"https:\\\/\\\/acnis-titanium.com\\\/de\\\/industrie\\\/\"]}]},{\"@type\":\"BreadcrumbList\",\"@id\":\"https:\\\/\\\/acnis-titanium.com\\\/de\\\/industrie\\\/#breadcrumb\",\"itemListElement\":[{\"@type\":\"ListItem\",\"position\":1,\"name\":\"Accueil\",\"item\":\"https:\\\/\\\/acnis-titanium.com\\\/de\\\/\"},{\"@type\":\"ListItem\",\"position\":2,\"name\":\"Industrie\"}]},{\"@type\":\"WebSite\",\"@id\":\"https:\\\/\\\/acnis-titanium.com\\\/#website\",\"url\":\"https:\\\/\\\/acnis-titanium.com\\\/\",\"name\":\"ACNIS International\",\"description\":\"Leader mondial dans la distribution et le stockage de titane\",\"potentialAction\":[{\"@type\":\"SearchAction\",\"target\":{\"@type\":\"EntryPoint\",\"urlTemplate\":\"https:\\\/\\\/acnis-titanium.com\\\/?s={search_term_string}\"},\"query-input\":{\"@type\":\"PropertyValueSpecification\",\"valueRequired\":true,\"valueName\":\"search_term_string\"}}],\"inLanguage\":\"de-DE\"}]}<\/script>\n<!-- \/ Yoast SEO plugin. -->","yoast_head_json":{"title":"Lieferant Titanst\u00e4be Industrie, Titanplatten, Edelstahl f\u00fcr die Industrie","description":"ACNIS ist ein Lieferant von Titanstangen f\u00fcr die Industrie, Platten, Pulver, ... Wir vertreiben verschiedene Metalle f\u00fcr Ihren industriellen Bedarf. Fragen Sie uns!","robots":{"index":"index","follow":"follow","max-snippet":"max-snippet:-1","max-image-preview":"max-image-preview:large","max-video-preview":"max-video-preview:-1"},"canonical":"https:\/\/acnis-titanium.com\/de\/industrie\/","og_locale":"de_DE","og_type":"article","og_title":"Lieferant Titanst\u00e4be Industrie, Titanplatten, Edelstahl f\u00fcr die Industrie","og_description":"ACNIS ist ein Lieferant von Titanstangen f\u00fcr die Industrie, Platten, Pulver, ... Wir vertreiben verschiedene Metalle f\u00fcr Ihren industriellen Bedarf. Fragen Sie uns!","og_url":"https:\/\/acnis-titanium.com\/de\/industrie\/","og_site_name":"ACNIS International","article_modified_time":"2024-05-13T15:10:48+00:00","twitter_card":"summary_large_image","schema":{"@context":"https:\/\/schema.org","@graph":[{"@type":"WebPage","@id":"https:\/\/acnis-titanium.com\/de\/industrie\/","url":"https:\/\/acnis-titanium.com\/de\/industrie\/","name":"Lieferant Titanst\u00e4be Industrie, Titanplatten, Edelstahl f\u00fcr die Industrie","isPartOf":{"@id":"https:\/\/acnis-titanium.com\/#website"},"datePublished":"2020-11-12T15:15:39+00:00","dateModified":"2024-05-13T15:10:48+00:00","description":"ACNIS ist ein Lieferant von Titanstangen f\u00fcr die Industrie, Platten, Pulver, ... Wir vertreiben verschiedene Metalle f\u00fcr Ihren industriellen Bedarf. Fragen Sie uns!","breadcrumb":{"@id":"https:\/\/acnis-titanium.com\/de\/industrie\/#breadcrumb"},"inLanguage":"de-DE","potentialAction":[{"@type":"ReadAction","target":["https:\/\/acnis-titanium.com\/de\/industrie\/"]}]},{"@type":"BreadcrumbList","@id":"https:\/\/acnis-titanium.com\/de\/industrie\/#breadcrumb","itemListElement":[{"@type":"ListItem","position":1,"name":"Accueil","item":"https:\/\/acnis-titanium.com\/de\/"},{"@type":"ListItem","position":2,"name":"Industrie"}]},{"@type":"WebSite","@id":"https:\/\/acnis-titanium.com\/#website","url":"https:\/\/acnis-titanium.com\/","name":"ACNIS International","description":"Leader mondial dans la distribution et le stockage de titane","potentialAction":[{"@type":"SearchAction","target":{"@type":"EntryPoint","urlTemplate":"https:\/\/acnis-titanium.com\/?s={search_term_string}"},"query-input":{"@type":"PropertyValueSpecification","valueRequired":true,"valueName":"search_term_string"}}],"inLanguage":"de-DE"}]}},"_links":{"self":[{"href":"https:\/\/acnis-titanium.com\/de\/wp-json\/wp\/v2\/pages\/4503","targetHints":{"allow":["GET"]}}],"collection":[{"href":"https:\/\/acnis-titanium.com\/de\/wp-json\/wp\/v2\/pages"}],"about":[{"href":"https:\/\/acnis-titanium.com\/de\/wp-json\/wp\/v2\/types\/page"}],"author":[{"embeddable":true,"href":"https:\/\/acnis-titanium.com\/de\/wp-json\/wp\/v2\/users\/16"}],"replies":[{"embeddable":true,"href":"https:\/\/acnis-titanium.com\/de\/wp-json\/wp\/v2\/comments?post=4503"}],"version-history":[{"count":5,"href":"https:\/\/acnis-titanium.com\/de\/wp-json\/wp\/v2\/pages\/4503\/revisions"}],"predecessor-version":[{"id":7517,"href":"https:\/\/acnis-titanium.com\/de\/wp-json\/wp\/v2\/pages\/4503\/revisions\/7517"}],"wp:attachment":[{"href":"https:\/\/acnis-titanium.com\/de\/wp-json\/wp\/v2\/media?parent=4503"}],"curies":[{"name":"wp","href":"https:\/\/api.w.org\/{rel}","templated":true}]}}