{"id":4495,"date":"2020-11-12T15:29:20","date_gmt":"2020-11-12T14:29:20","guid":{"rendered":"https:\/\/acnis-titanium.com\/?page_id=4495"},"modified":"2024-05-13T17:17:48","modified_gmt":"2024-05-13T15:17:48","slug":"luftfahrt","status":"publish","type":"page","link":"https:\/\/acnis-titanium.com\/de\/luftfahrt\/","title":{"rendered":"Luftfahrt"},"content":{"rendered":"<p>ACNIS International ist seit 1995 auf der internationalen Pariser <strong class=\"d2b\">Luftfahrt<\/strong>schau SIAE vertretet und besitzt seit 2008 die <strong class=\"d2b\">EN 9120-Zertifizierung<\/strong> f\u00fcr H\u00e4ndler der <strong class=\"d2b\">Luftfahrt<\/strong>, <strong class=\"d2b\">Raumfahrt<\/strong> und <strong class=\"d2b\">R\u00fcstungsindustrie<\/strong>.\u00a0ACNIS International\u00a0hat\u00a0am\u00a0Lager\u00a0eine\u00a0breite\u00a0Auswahl\u00a0von\u00a0Produkten\u00a0mit\u00a0<strong class=\"d2b\">Normen\u00a0ABS, DMD, AMS<\/strong>&#8230;von den\u00a0meisten\u00a0zugelassenen\u00a0Herstellern.<\/p>\n","protected":false},"excerpt":{"rendered":"<p>ACNIS International ist seit 1995 auf der internationalen Pariser Luftfahrtschau SIAE vertretet und besitzt seit 2008 die EN 9120-Zertifizierung f\u00fcr H\u00e4ndler der Luftfahrt, Raumfahrt und R\u00fcstungsindustrie.\u00a0ACNIS International\u00a0hat\u00a0am\u00a0Lager\u00a0eine\u00a0breite\u00a0Auswahl\u00a0von\u00a0Produkten\u00a0mit\u00a0Normen\u00a0ABS, DMD, AMS&#8230;von den\u00a0meisten\u00a0zugelassenen\u00a0Herstellern.<\/p>\n","protected":false},"author":16,"featured_media":0,"parent":0,"menu_order":36,"comment_status":"closed","ping_status":"closed","template":"page-amelioree.php","meta":{"_acf_changed":false,"footnotes":""},"class_list":["post-4495","page","type-page","status-publish","hentry"],"acf":[],"yoast_head":"<!-- This site is optimized with the Yoast SEO plugin v27.3 - https:\/\/yoast.com\/product\/yoast-seo-wordpress\/ -->\n<title>Lieferant f\u00fcr Titan f\u00fcr Luftfahrt, Verteidigung, Raumfahrt, Titan f\u00fcr Abschirmung<\/title>\n<meta name=\"description\" content=\"Acnis ist der f\u00fchrende Lieferant von Titanlegierungen, rostfreien St\u00e4hlen und Nickelbasislegierungen f\u00fcr die Luft- und Raumfahrtindustrie.\" \/>\n<meta name=\"robots\" content=\"index, follow, max-snippet:-1, max-image-preview:large, max-video-preview:-1\" \/>\n<link rel=\"canonical\" href=\"https:\/\/acnis-titanium.com\/de\/luftfahrt\/\" \/>\n<meta property=\"og:locale\" content=\"de_DE\" \/>\n<meta property=\"og:type\" content=\"article\" \/>\n<meta property=\"og:title\" content=\"Lieferant f\u00fcr Titan f\u00fcr Luftfahrt, Verteidigung, Raumfahrt, Titan f\u00fcr Abschirmung\" \/>\n<meta property=\"og:description\" content=\"Acnis ist der f\u00fchrende Lieferant von Titanlegierungen, rostfreien St\u00e4hlen und Nickelbasislegierungen f\u00fcr die Luft- und Raumfahrtindustrie.\" \/>\n<meta property=\"og:url\" content=\"https:\/\/acnis-titanium.com\/de\/luftfahrt\/\" \/>\n<meta property=\"og:site_name\" content=\"ACNIS International\" \/>\n<meta property=\"article:modified_time\" content=\"2024-05-13T15:17:48+00:00\" \/>\n<meta name=\"twitter:card\" content=\"summary_large_image\" \/>\n<script type=\"application\/ld+json\" class=\"yoast-schema-graph\">{\"@context\":\"https:\\\/\\\/schema.org\",\"@graph\":[{\"@type\":\"WebPage\",\"@id\":\"https:\\\/\\\/acnis-titanium.com\\\/de\\\/luftfahrt\\\/\",\"url\":\"https:\\\/\\\/acnis-titanium.com\\\/de\\\/luftfahrt\\\/\",\"name\":\"Lieferant f\u00fcr Titan f\u00fcr Luftfahrt, Verteidigung, Raumfahrt, Titan f\u00fcr Abschirmung\",\"isPartOf\":{\"@id\":\"https:\\\/\\\/acnis-titanium.com\\\/#website\"},\"datePublished\":\"2020-11-12T14:29:20+00:00\",\"dateModified\":\"2024-05-13T15:17:48+00:00\",\"description\":\"Acnis ist der f\u00fchrende Lieferant von Titanlegierungen, rostfreien St\u00e4hlen und Nickelbasislegierungen f\u00fcr die Luft- und Raumfahrtindustrie.\",\"breadcrumb\":{\"@id\":\"https:\\\/\\\/acnis-titanium.com\\\/de\\\/luftfahrt\\\/#breadcrumb\"},\"inLanguage\":\"de-DE\",\"potentialAction\":[{\"@type\":\"ReadAction\",\"target\":[\"https:\\\/\\\/acnis-titanium.com\\\/de\\\/luftfahrt\\\/\"]}]},{\"@type\":\"BreadcrumbList\",\"@id\":\"https:\\\/\\\/acnis-titanium.com\\\/de\\\/luftfahrt\\\/#breadcrumb\",\"itemListElement\":[{\"@type\":\"ListItem\",\"position\":1,\"name\":\"Accueil\",\"item\":\"https:\\\/\\\/acnis-titanium.com\\\/de\\\/\"},{\"@type\":\"ListItem\",\"position\":2,\"name\":\"Luftfahrt\"}]},{\"@type\":\"WebSite\",\"@id\":\"https:\\\/\\\/acnis-titanium.com\\\/#website\",\"url\":\"https:\\\/\\\/acnis-titanium.com\\\/\",\"name\":\"ACNIS International\",\"description\":\"Leader mondial dans la distribution et le stockage de titane\",\"potentialAction\":[{\"@type\":\"SearchAction\",\"target\":{\"@type\":\"EntryPoint\",\"urlTemplate\":\"https:\\\/\\\/acnis-titanium.com\\\/?s={search_term_string}\"},\"query-input\":{\"@type\":\"PropertyValueSpecification\",\"valueRequired\":true,\"valueName\":\"search_term_string\"}}],\"inLanguage\":\"de-DE\"}]}<\/script>\n<!-- \/ Yoast SEO plugin. -->","yoast_head_json":{"title":"Lieferant f\u00fcr Titan f\u00fcr Luftfahrt, Verteidigung, Raumfahrt, Titan f\u00fcr Abschirmung","description":"Acnis ist der f\u00fchrende Lieferant von Titanlegierungen, rostfreien St\u00e4hlen und Nickelbasislegierungen f\u00fcr die Luft- und Raumfahrtindustrie.","robots":{"index":"index","follow":"follow","max-snippet":"max-snippet:-1","max-image-preview":"max-image-preview:large","max-video-preview":"max-video-preview:-1"},"canonical":"https:\/\/acnis-titanium.com\/de\/luftfahrt\/","og_locale":"de_DE","og_type":"article","og_title":"Lieferant f\u00fcr Titan f\u00fcr Luftfahrt, Verteidigung, Raumfahrt, Titan f\u00fcr Abschirmung","og_description":"Acnis ist der f\u00fchrende Lieferant von Titanlegierungen, rostfreien St\u00e4hlen und Nickelbasislegierungen f\u00fcr die Luft- und Raumfahrtindustrie.","og_url":"https:\/\/acnis-titanium.com\/de\/luftfahrt\/","og_site_name":"ACNIS International","article_modified_time":"2024-05-13T15:17:48+00:00","twitter_card":"summary_large_image","schema":{"@context":"https:\/\/schema.org","@graph":[{"@type":"WebPage","@id":"https:\/\/acnis-titanium.com\/de\/luftfahrt\/","url":"https:\/\/acnis-titanium.com\/de\/luftfahrt\/","name":"Lieferant f\u00fcr Titan f\u00fcr Luftfahrt, Verteidigung, Raumfahrt, Titan f\u00fcr Abschirmung","isPartOf":{"@id":"https:\/\/acnis-titanium.com\/#website"},"datePublished":"2020-11-12T14:29:20+00:00","dateModified":"2024-05-13T15:17:48+00:00","description":"Acnis ist der f\u00fchrende Lieferant von Titanlegierungen, rostfreien St\u00e4hlen und Nickelbasislegierungen f\u00fcr die Luft- und Raumfahrtindustrie.","breadcrumb":{"@id":"https:\/\/acnis-titanium.com\/de\/luftfahrt\/#breadcrumb"},"inLanguage":"de-DE","potentialAction":[{"@type":"ReadAction","target":["https:\/\/acnis-titanium.com\/de\/luftfahrt\/"]}]},{"@type":"BreadcrumbList","@id":"https:\/\/acnis-titanium.com\/de\/luftfahrt\/#breadcrumb","itemListElement":[{"@type":"ListItem","position":1,"name":"Accueil","item":"https:\/\/acnis-titanium.com\/de\/"},{"@type":"ListItem","position":2,"name":"Luftfahrt"}]},{"@type":"WebSite","@id":"https:\/\/acnis-titanium.com\/#website","url":"https:\/\/acnis-titanium.com\/","name":"ACNIS International","description":"Leader mondial dans la distribution et le stockage de titane","potentialAction":[{"@type":"SearchAction","target":{"@type":"EntryPoint","urlTemplate":"https:\/\/acnis-titanium.com\/?s={search_term_string}"},"query-input":{"@type":"PropertyValueSpecification","valueRequired":true,"valueName":"search_term_string"}}],"inLanguage":"de-DE"}]}},"_links":{"self":[{"href":"https:\/\/acnis-titanium.com\/de\/wp-json\/wp\/v2\/pages\/4495","targetHints":{"allow":["GET"]}}],"collection":[{"href":"https:\/\/acnis-titanium.com\/de\/wp-json\/wp\/v2\/pages"}],"about":[{"href":"https:\/\/acnis-titanium.com\/de\/wp-json\/wp\/v2\/types\/page"}],"author":[{"embeddable":true,"href":"https:\/\/acnis-titanium.com\/de\/wp-json\/wp\/v2\/users\/16"}],"replies":[{"embeddable":true,"href":"https:\/\/acnis-titanium.com\/de\/wp-json\/wp\/v2\/comments?post=4495"}],"version-history":[{"count":5,"href":"https:\/\/acnis-titanium.com\/de\/wp-json\/wp\/v2\/pages\/4495\/revisions"}],"predecessor-version":[{"id":7518,"href":"https:\/\/acnis-titanium.com\/de\/wp-json\/wp\/v2\/pages\/4495\/revisions\/7518"}],"wp:attachment":[{"href":"https:\/\/acnis-titanium.com\/de\/wp-json\/wp\/v2\/media?parent=4495"}],"curies":[{"name":"wp","href":"https:\/\/api.w.org\/{rel}","templated":true}]}}