{"id":4455,"date":"2020-11-12T13:47:09","date_gmt":"2020-11-12T12:47:09","guid":{"rendered":"https:\/\/acnis-titanium.com\/?page_id=4455"},"modified":"2024-10-02T16:27:29","modified_gmt":"2024-10-02T14:27:29","slug":"medizin","status":"publish","type":"page","link":"https:\/\/acnis-titanium.com\/de\/medizin\/","title":{"rendered":"Medizin"},"content":{"rendered":"<p>ACNIS International ist seit 1991 ein der f\u00fchrenden Anbieter f\u00fcr Produkte der <strong class=\"d2b\">Orthop\u00e4die<\/strong>, <strong class=\"d2b\">Unfallchirurgie<\/strong>, <strong class=\"d2b\">Wirbels\u00e4ulen<\/strong>&#8211; und <strong class=\"d2b\">Dentalmedizin<\/strong> sowie der Mund-, Kiefer- und Gesichtschirurgie.<\/p>\n<p>Sein umfangreiches Angebot an speziellen Werkstoffen erf\u00fcllt alle Anforderungen f\u00fcr die <strong class=\"d2b\">Herstellung von Implantaten und medizinischen Ger\u00e4ten<\/strong><\/p>\n","protected":false},"excerpt":{"rendered":"<p>ACNIS International ist seit 1991 ein der f\u00fchrenden Anbieter f\u00fcr Produkte der Orthop\u00e4die, Unfallchirurgie, Wirbels\u00e4ulen&#8211; und Dentalmedizin sowie der Mund-, Kiefer- und Gesichtschirurgie. Sein umfangreiches Angebot an speziellen Werkstoffen erf\u00fcllt alle Anforderungen f\u00fcr die Herstellung von Implantaten und medizinischen Ger\u00e4ten<\/p>\n","protected":false},"author":16,"featured_media":0,"parent":0,"menu_order":28,"comment_status":"closed","ping_status":"closed","template":"page-amelioree.php","meta":{"_acf_changed":false,"footnotes":""},"class_list":["post-4455","page","type-page","status-publish","hentry"],"acf":[],"yoast_head":"<!-- This site is optimized with the Yoast SEO plugin v27.3 - https:\/\/yoast.com\/product\/yoast-seo-wordpress\/ -->\n<title>Lieferant f\u00fcr Titanrohre, biokompatible Edelstahlverteiler, Metalle f\u00fcr den medizinischen Bereich<\/title>\n<meta name=\"description\" content=\"Acnis ist der f\u00fchrende Anbieter von Titanlegierungen, rostfreien St\u00e4hlen, Kobaltchrom und PEEK f\u00fcr den orthop\u00e4dischen und zahnmedizinischen Markt.\" \/>\n<meta name=\"robots\" content=\"index, follow, max-snippet:-1, max-image-preview:large, max-video-preview:-1\" \/>\n<link rel=\"canonical\" href=\"https:\/\/acnis-titanium.com\/de\/medizin\/\" \/>\n<meta property=\"og:locale\" content=\"de_DE\" \/>\n<meta property=\"og:type\" content=\"article\" \/>\n<meta property=\"og:title\" content=\"Lieferant f\u00fcr Titanrohre, biokompatible Edelstahlverteiler, Metalle f\u00fcr den medizinischen Bereich\" \/>\n<meta property=\"og:description\" content=\"Acnis ist der f\u00fchrende Anbieter von Titanlegierungen, rostfreien St\u00e4hlen, Kobaltchrom und PEEK f\u00fcr den orthop\u00e4dischen und zahnmedizinischen Markt.\" \/>\n<meta property=\"og:url\" content=\"https:\/\/acnis-titanium.com\/de\/medizin\/\" \/>\n<meta property=\"og:site_name\" content=\"ACNIS International\" \/>\n<meta property=\"article:modified_time\" content=\"2024-10-02T14:27:29+00:00\" \/>\n<meta name=\"twitter:card\" content=\"summary_large_image\" \/>\n<script type=\"application\/ld+json\" class=\"yoast-schema-graph\">{\"@context\":\"https:\\\/\\\/schema.org\",\"@graph\":[{\"@type\":\"WebPage\",\"@id\":\"https:\\\/\\\/acnis-titanium.com\\\/de\\\/medizin\\\/\",\"url\":\"https:\\\/\\\/acnis-titanium.com\\\/de\\\/medizin\\\/\",\"name\":\"Lieferant f\u00fcr Titanrohre, biokompatible Edelstahlverteiler, Metalle f\u00fcr den medizinischen Bereich\",\"isPartOf\":{\"@id\":\"https:\\\/\\\/acnis-titanium.com\\\/#website\"},\"datePublished\":\"2020-11-12T12:47:09+00:00\",\"dateModified\":\"2024-10-02T14:27:29+00:00\",\"description\":\"Acnis ist der f\u00fchrende Anbieter von Titanlegierungen, rostfreien St\u00e4hlen, Kobaltchrom und PEEK f\u00fcr den orthop\u00e4dischen und zahnmedizinischen Markt.\",\"breadcrumb\":{\"@id\":\"https:\\\/\\\/acnis-titanium.com\\\/de\\\/medizin\\\/#breadcrumb\"},\"inLanguage\":\"de-DE\",\"potentialAction\":[{\"@type\":\"ReadAction\",\"target\":[\"https:\\\/\\\/acnis-titanium.com\\\/de\\\/medizin\\\/\"]}]},{\"@type\":\"BreadcrumbList\",\"@id\":\"https:\\\/\\\/acnis-titanium.com\\\/de\\\/medizin\\\/#breadcrumb\",\"itemListElement\":[{\"@type\":\"ListItem\",\"position\":1,\"name\":\"Accueil\",\"item\":\"https:\\\/\\\/acnis-titanium.com\\\/de\\\/\"},{\"@type\":\"ListItem\",\"position\":2,\"name\":\"Medizin\"}]},{\"@type\":\"WebSite\",\"@id\":\"https:\\\/\\\/acnis-titanium.com\\\/#website\",\"url\":\"https:\\\/\\\/acnis-titanium.com\\\/\",\"name\":\"ACNIS International\",\"description\":\"Leader mondial dans la distribution et le stockage de titane\",\"potentialAction\":[{\"@type\":\"SearchAction\",\"target\":{\"@type\":\"EntryPoint\",\"urlTemplate\":\"https:\\\/\\\/acnis-titanium.com\\\/?s={search_term_string}\"},\"query-input\":{\"@type\":\"PropertyValueSpecification\",\"valueRequired\":true,\"valueName\":\"search_term_string\"}}],\"inLanguage\":\"de-DE\"}]}<\/script>\n<!-- \/ Yoast SEO plugin. -->","yoast_head_json":{"title":"Lieferant f\u00fcr Titanrohre, biokompatible Edelstahlverteiler, Metalle f\u00fcr den medizinischen Bereich","description":"Acnis ist der f\u00fchrende Anbieter von Titanlegierungen, rostfreien St\u00e4hlen, Kobaltchrom und PEEK f\u00fcr den orthop\u00e4dischen und zahnmedizinischen Markt.","robots":{"index":"index","follow":"follow","max-snippet":"max-snippet:-1","max-image-preview":"max-image-preview:large","max-video-preview":"max-video-preview:-1"},"canonical":"https:\/\/acnis-titanium.com\/de\/medizin\/","og_locale":"de_DE","og_type":"article","og_title":"Lieferant f\u00fcr Titanrohre, biokompatible Edelstahlverteiler, Metalle f\u00fcr den medizinischen Bereich","og_description":"Acnis ist der f\u00fchrende Anbieter von Titanlegierungen, rostfreien St\u00e4hlen, Kobaltchrom und PEEK f\u00fcr den orthop\u00e4dischen und zahnmedizinischen Markt.","og_url":"https:\/\/acnis-titanium.com\/de\/medizin\/","og_site_name":"ACNIS International","article_modified_time":"2024-10-02T14:27:29+00:00","twitter_card":"summary_large_image","schema":{"@context":"https:\/\/schema.org","@graph":[{"@type":"WebPage","@id":"https:\/\/acnis-titanium.com\/de\/medizin\/","url":"https:\/\/acnis-titanium.com\/de\/medizin\/","name":"Lieferant f\u00fcr Titanrohre, biokompatible Edelstahlverteiler, Metalle f\u00fcr den medizinischen Bereich","isPartOf":{"@id":"https:\/\/acnis-titanium.com\/#website"},"datePublished":"2020-11-12T12:47:09+00:00","dateModified":"2024-10-02T14:27:29+00:00","description":"Acnis ist der f\u00fchrende Anbieter von Titanlegierungen, rostfreien St\u00e4hlen, Kobaltchrom und PEEK f\u00fcr den orthop\u00e4dischen und zahnmedizinischen Markt.","breadcrumb":{"@id":"https:\/\/acnis-titanium.com\/de\/medizin\/#breadcrumb"},"inLanguage":"de-DE","potentialAction":[{"@type":"ReadAction","target":["https:\/\/acnis-titanium.com\/de\/medizin\/"]}]},{"@type":"BreadcrumbList","@id":"https:\/\/acnis-titanium.com\/de\/medizin\/#breadcrumb","itemListElement":[{"@type":"ListItem","position":1,"name":"Accueil","item":"https:\/\/acnis-titanium.com\/de\/"},{"@type":"ListItem","position":2,"name":"Medizin"}]},{"@type":"WebSite","@id":"https:\/\/acnis-titanium.com\/#website","url":"https:\/\/acnis-titanium.com\/","name":"ACNIS International","description":"Leader mondial dans la distribution et le stockage de titane","potentialAction":[{"@type":"SearchAction","target":{"@type":"EntryPoint","urlTemplate":"https:\/\/acnis-titanium.com\/?s={search_term_string}"},"query-input":{"@type":"PropertyValueSpecification","valueRequired":true,"valueName":"search_term_string"}}],"inLanguage":"de-DE"}]}},"_links":{"self":[{"href":"https:\/\/acnis-titanium.com\/de\/wp-json\/wp\/v2\/pages\/4455","targetHints":{"allow":["GET"]}}],"collection":[{"href":"https:\/\/acnis-titanium.com\/de\/wp-json\/wp\/v2\/pages"}],"about":[{"href":"https:\/\/acnis-titanium.com\/de\/wp-json\/wp\/v2\/types\/page"}],"author":[{"embeddable":true,"href":"https:\/\/acnis-titanium.com\/de\/wp-json\/wp\/v2\/users\/16"}],"replies":[{"embeddable":true,"href":"https:\/\/acnis-titanium.com\/de\/wp-json\/wp\/v2\/comments?post=4455"}],"version-history":[{"count":12,"href":"https:\/\/acnis-titanium.com\/de\/wp-json\/wp\/v2\/pages\/4455\/revisions"}],"predecessor-version":[{"id":7573,"href":"https:\/\/acnis-titanium.com\/de\/wp-json\/wp\/v2\/pages\/4455\/revisions\/7573"}],"wp:attachment":[{"href":"https:\/\/acnis-titanium.com\/de\/wp-json\/wp\/v2\/media?parent=4455"}],"curies":[{"name":"wp","href":"https:\/\/api.w.org\/{rel}","templated":true}]}}